{"id":90,"date":"2024-12-10T10:39:00","date_gmt":"2024-12-10T07:39:00","guid":{"rendered":"https:\/\/www.mksmuhendislik.com.tr\/tr\/?page_id=90"},"modified":"2024-12-11T11:49:27","modified_gmt":"2024-12-11T08:49:27","slug":"kurumsal","status":"publish","type":"page","link":"https:\/\/www.mksmuhendislik.com.tr\/tr\/kurumsal","title":{"rendered":"Kurumsal"},"content":{"rendered":"\n<div class=\"wp-block-rwcustema-mainheading mainHeading\"><div class=\"inner\"><div class=\"icon rwcusicon\"><svg class=\"rwcusicon-icon16\"><use href=\"#rwcusicon-icon16\"><\/use><\/svg><\/div><div class=\"text\">Biz Kimiz?<\/div><\/div><\/div>\n\n\n\n<p>MKS M\u00fchendislik, 10 y\u0131l\u0131 a\u015fk\u0131n sekt\u00f6rel tecr\u00fcbe ile ba\u015fta makine sekt\u00f6r\u00fc olmak \u00fczere, ba\u015fka bir\u00e7ok sekt\u00f6rde ve farkl\u0131 m\u00fchendislik projelerinde faaliyet g\u00f6stermeyi ama\u00e7 edinmi\u015ftir.<\/p>\n\n\n\n<p>Alan\u0131nda tecr\u00fcbeli ve e\u011fitimli teknik kadromuz ile lineer hareket sistemlerini; metal tala\u015f\u0131, toz, so\u011futma s\u0131v\u0131s\u0131 gibi genel etkenlerden korumay\u0131 ama\u00e7layarak, makine imalat sekt\u00f6r\u00fcne ve CNC makine kullan\u0131c\u0131lar\u0131na kaliteli ve g\u00fcvenilir hizmet vermeyi hedefliyoruz.<\/p>\n\n\n\n<p>Geli\u015fen ve artan pazar talebini h\u0131zl\u0131 \u015fekilde kar\u015f\u0131layabilecek k\u00f6r\u00fckler, teleskopik sac muhafazalar, al\u00fcminyum ve rulo muhafazalar gibi \u00fcr\u00fcnleri sunabilme amac\u0131 ile ara\u015ft\u0131rma &amp; geli\u015ftirme \u00e7al\u0131\u015fmalar\u0131na b\u00fcy\u00fck \u00f6nem vermekteyiz.<\/p>\n\n\n\n<div class=\"wp-block-rwcustema-mainheading mainHeading\"><div class=\"inner\"><div class=\"icon rwcusicon\"><svg class=\"rwcusicon-icon16\"><use href=\"#rwcusicon-icon16\"><\/use><\/svg><\/div><div class=\"text\">Vizyonumuz<\/div><\/div><\/div>\n\n\n\n<p>AR-GE \u00e7al\u0131\u015fmalar\u0131m\u0131z ile yurti\u00e7i ve yurtd\u0131\u015f\u0131nda seri imalat kapasitemizi art\u0131rarak makine koruma sistemleri alan\u0131nda \u00f6nemli tedarik\u00e7iler s\u0131n\u0131f\u0131na girebilmektir.<\/p>\n\n\n\n<div class=\"wp-block-rwcustema-mainheading mainHeading\"><div class=\"inner\"><div class=\"icon rwcusicon\"><svg class=\"rwcusicon-icon16\"><use href=\"#rwcusicon-icon16\"><\/use><\/svg><\/div><div class=\"text\">Misyonumuz<\/div><\/div><\/div>\n\n\n\n<p>M\u00fc\u015fteri memnuniyeti en y\u00fcksek kalitede ve s\u00fcrekli sa\u011flamak, sanayinin geli\u015fimine paralel olarak en uygun \u00e7\u00f6z\u00fcmleri \u00fcretebilen teknik deste\u011fimiz ile \u00fcr\u00fcn gam\u0131m\u0131z\u0131 T\u00fcrk sanayisinin hizmetine sunabilmek ve bu hizmetlerimizi s\u00fcrekli geli\u015ftirmektedir.<\/p>\n","protected":false},"excerpt":{"rendered":"<p>MKS M\u00fchendislik, 10 y\u0131l\u0131 a\u015fk\u0131n sekt\u00f6rel tecr\u00fcbe ile ba\u015fta makine sekt\u00f6r\u00fc olmak \u00fczere, ba\u015fka bir\u00e7ok sekt\u00f6rde ve farkl\u0131 m\u00fchendislik projelerinde faaliyet g\u00f6stermeyi ama\u00e7 edinmi\u015ftir. Alan\u0131nda tecr\u00fcbeli ve e\u011fitimli teknik kadromuz ile lineer hareket sistemlerini; metal tala\u015f\u0131, toz, so\u011futma s\u0131v\u0131s\u0131 gibi genel etkenlerden korumay\u0131 ama\u00e7layarak, makine imalat sekt\u00f6r\u00fcne ve CNC makine kullan\u0131c\u0131lar\u0131na kaliteli ve g\u00fcvenilir hizmet [&hellip;]<\/p>\n","protected":false},"author":2,"featured_media":0,"parent":0,"menu_order":0,"comment_status":"closed","ping_status":"closed","template":"","meta":{"footnotes":""},"class_list":["post-90","page","type-page","status-publish","hentry"],"_links":{"self":[{"href":"https:\/\/www.mksmuhendislik.com.tr\/tr\/wp-json\/wp\/v2\/pages\/90","targetHints":{"allow":["GET"]}}],"collection":[{"href":"https:\/\/www.mksmuhendislik.com.tr\/tr\/wp-json\/wp\/v2\/pages"}],"about":[{"href":"https:\/\/www.mksmuhendislik.com.tr\/tr\/wp-json\/wp\/v2\/types\/page"}],"author":[{"embeddable":true,"href":"https:\/\/www.mksmuhendislik.com.tr\/tr\/wp-json\/wp\/v2\/users\/2"}],"replies":[{"embeddable":true,"href":"https:\/\/www.mksmuhendislik.com.tr\/tr\/wp-json\/wp\/v2\/comments?post=90"}],"version-history":[{"count":1,"href":"https:\/\/www.mksmuhendislik.com.tr\/tr\/wp-json\/wp\/v2\/pages\/90\/revisions"}],"predecessor-version":[{"id":91,"href":"https:\/\/www.mksmuhendislik.com.tr\/tr\/wp-json\/wp\/v2\/pages\/90\/revisions\/91"}],"wp:attachment":[{"href":"https:\/\/www.mksmuhendislik.com.tr\/tr\/wp-json\/wp\/v2\/media?parent=90"}],"curies":[{"name":"wp","href":"https:\/\/api.w.org\/{rel}","templated":true}]}}