{"id":335,"date":"2024-12-10T15:52:37","date_gmt":"2024-12-10T12:52:37","guid":{"rendered":"https:\/\/www.mksmuhendislik.com.tr\/tr\/?page_id=335"},"modified":"2024-12-11T12:22:43","modified_gmt":"2024-12-11T09:22:43","slug":"platform-korugu-teklif-talebi","status":"publish","type":"page","link":"https:\/\/www.mksmuhendislik.com.tr\/tr\/teklif-talebi\/platform-korugu-teklif-talebi","title":{"rendered":"Platform K\u00f6r\u00fc\u011f\u00fc Teklif Talebi"},"content":{"rendered":"\n<div class=\"wp-block-contact-form-7-contact-form-selector\">\n<div class=\"wpcf7 no-js\" id=\"wpcf7-f425-o1\" lang=\"tr-TR\" dir=\"ltr\" data-wpcf7-id=\"425\">\n<div class=\"screen-reader-response\"><p role=\"status\" aria-live=\"polite\" aria-atomic=\"true\"><\/p> <ul><\/ul><\/div>\n<form action=\"\/tr\/wp-json\/wp\/v2\/pages\/335#wpcf7-f425-o1\" method=\"post\" class=\"wpcf7-form init\" aria-label=\"\u0130leti\u015fim Formu\" novalidate=\"novalidate\" data-status=\"init\">\n<div style=\"display: none;\">\n<input type=\"hidden\" name=\"_wpcf7\" value=\"425\" \/>\n<input type=\"hidden\" name=\"_wpcf7_version\" value=\"6.0.1\" \/>\n<input type=\"hidden\" name=\"_wpcf7_locale\" value=\"tr_TR\" \/>\n<input type=\"hidden\" name=\"_wpcf7_unit_tag\" value=\"wpcf7-f425-o1\" \/>\n<input type=\"hidden\" name=\"_wpcf7_container_post\" value=\"0\" \/>\n<input type=\"hidden\" name=\"_wpcf7_posted_data_hash\" value=\"\" \/>\n<input type=\"hidden\" name=\"_wpcf7cf_hidden_group_fields\" value=\"[]\" \/>\n<input type=\"hidden\" name=\"_wpcf7cf_hidden_groups\" value=\"[]\" \/>\n<input type=\"hidden\" name=\"_wpcf7cf_visible_groups\" value=\"[]\" \/>\n<input type=\"hidden\" name=\"_wpcf7cf_repeaters\" value=\"[]\" \/>\n<input type=\"hidden\" name=\"_wpcf7cf_steps\" value=\"{}\" \/>\n<input type=\"hidden\" name=\"_wpcf7cf_options\" value=\"{&quot;form_id&quot;:425,&quot;conditions&quot;:[],&quot;settings&quot;:{&quot;animation&quot;:&quot;yes&quot;,&quot;animation_intime&quot;:200,&quot;animation_outtime&quot;:200,&quot;conditions_ui&quot;:&quot;normal&quot;,&quot;notice_dismissed&quot;:false}}\" \/>\n<\/div>\n<div class=\"rwcusForm\">\n\t<div class=\"rwcusLeft\">\n\t\t<h3>Firma Ad\u0131:\n\t\t<\/h3>\n\t\t<p class=\"icon28\"><span class=\"wpcf7-form-control-wrap\" data-name=\"firmadi\"><input size=\"40\" maxlength=\"400\" class=\"wpcf7-form-control wpcf7-text wpcf7-validates-as-required\" aria-required=\"true\" aria-invalid=\"false\" value=\"\" type=\"text\" name=\"firmadi\" \/><\/span>\n\t\t<\/p>\n\t\t<h3>Yetkili Ki\u015fi:\n\t\t<\/h3>\n\t\t<p class=\"icon29\"><span class=\"wpcf7-form-control-wrap\" data-name=\"yetkilikisi\"><input size=\"40\" maxlength=\"400\" class=\"wpcf7-form-control wpcf7-text wpcf7-validates-as-required\" aria-required=\"true\" aria-invalid=\"false\" value=\"\" type=\"text\" name=\"yetkilikisi\" \/><\/span>\n\t\t<\/p>\n\t\t<h3>Telefon:\n\t\t<\/h3>\n\t\t<p class=\"icon5\"><span class=\"wpcf7-form-control-wrap\" data-name=\"telefon\"><input size=\"40\" maxlength=\"400\" class=\"wpcf7-form-control wpcf7-tel wpcf7-validates-as-required wpcf7-text wpcf7-validates-as-tel\" aria-required=\"true\" aria-invalid=\"false\" value=\"\" type=\"tel\" name=\"telefon\" \/><\/span>\n\t\t<\/p>\n\t\t<h3>E-Posta:\n\t\t<\/h3>\n\t\t<p class=\"icon50\"><span class=\"wpcf7-form-control-wrap\" data-name=\"email\"><input size=\"40\" maxlength=\"400\" class=\"wpcf7-form-control wpcf7-email wpcf7-validates-as-required wpcf7-text wpcf7-validates-as-email\" aria-required=\"true\" aria-invalid=\"false\" value=\"\" type=\"email\" name=\"email\" \/><\/span>\n\t\t<\/p>\n\t<\/div>\n\t<div class=\"rwcusRight\">\n\t\t<figure class=\"wp-block-image size-full\">\n\t\t\t<p><img decoding=\"async\" src=\"https:\/\/www.mksmuhendislik.com.tr\/tr\/wp-content\/uploads\/tek_platform-korugu-grey.png\" alt=\"\" class=\"wp-image-506\" \/>\n\t\t\t<\/p>\n\t\t<\/figure>\n\t<\/div>\n<\/div>\n<p>&nbsp;\n<\/p>\n<div class=\"wp-block-rwcustema-mainheading mainHeading\">\n\t<div class=\"icon icon16\">\n\t<\/div>\n\t<div class=\"text\">\n\t\t<p>\u00dcr\u00fcn \u0130le \u0130lgili Detaylar\n\t\t<\/p>\n\t<\/div>\n<\/div>\n<h3>Tezgah Markas\u0131:\n<\/h3>\n<p><span class=\"wpcf7-form-control-wrap\" data-name=\"tezgahmarkasi\"><input size=\"40\" maxlength=\"400\" class=\"wpcf7-form-control wpcf7-text\" aria-invalid=\"false\" value=\"\" type=\"text\" name=\"tezgahmarkasi\" \/><\/span>\n<\/p>\n<h3>Tezgah Modeli:\n<\/h3>\n<p><span class=\"wpcf7-form-control-wrap\" data-name=\"tezgahmodeli\"><input size=\"40\" maxlength=\"400\" class=\"wpcf7-form-control wpcf7-text\" aria-invalid=\"false\" value=\"\" type=\"text\" name=\"tezgahmodeli\" \/><\/span>\n<\/p>\n<h3>\u00dcr\u00fcn \u00c7al\u0131\u015ft\u0131\u011f\u0131 Eksen:\n<\/h3>\n<p><span class=\"wpcf7-form-control-wrap\" data-name=\"calistigieksen\"><input size=\"40\" maxlength=\"400\" class=\"wpcf7-form-control wpcf7-text\" aria-invalid=\"false\" value=\"\" type=\"text\" name=\"calistigieksen\" \/><\/span>\n<\/p>\n<h3>Adet:\n<\/h3>\n<p><span class=\"wpcf7-form-control-wrap\" data-name=\"adet\"><input class=\"wpcf7-form-control wpcf7-number wpcf7-validates-as-number\" min=\"1\" aria-invalid=\"false\" value=\"\" type=\"number\" name=\"adet\" \/><\/span>\n<\/p>\n<h3>K\u00f6r\u00fck Geni\u015fli\u011fi (A) [mm]:\n<\/h3>\n<p><span class=\"wpcf7-form-control-wrap\" data-name=\"korukgenisligi\"><input class=\"wpcf7-form-control wpcf7-number wpcf7-validates-as-number\" min=\"1\" aria-invalid=\"false\" value=\"\" type=\"number\" name=\"korukgenisligi\" \/><\/span>\n<\/p>\n<h3>K\u00f6r\u00fck Y\u00fcksekli\u011fi (B) [mm]:\n<\/h3>\n<p><span class=\"wpcf7-form-control-wrap\" data-name=\"korukyuksekligi\"><input class=\"wpcf7-form-control wpcf7-number wpcf7-validates-as-number\" min=\"1\" aria-invalid=\"false\" value=\"\" type=\"number\" name=\"korukyuksekligi\" \/><\/span>\n<\/p>\n<h3>K\u00f6r\u00fck Dilim Derinli\u011fi (C) [mm]:\n<\/h3>\n<p><span class=\"wpcf7-form-control-wrap\" data-name=\"korukdilimderinligi\"><input class=\"wpcf7-form-control wpcf7-number wpcf7-validates-as-number\" min=\"1\" aria-invalid=\"false\" value=\"\" type=\"number\" name=\"korukdilimderinligi\" \/><\/span>\n<\/p>\n<h3>Dilim Say\u0131s\u0131 (N):\n<\/h3>\n<p><span class=\"wpcf7-form-control-wrap\" data-name=\"dilimsayisi\"><input class=\"wpcf7-form-control wpcf7-number wpcf7-validates-as-number\" min=\"1\" aria-invalid=\"false\" value=\"\" type=\"number\" name=\"dilimsayisi\" \/><\/span>\n<\/p>\n<h3>A\u00e7\u0131k \u00d6l\u00e7\u00fc (L max) [mm]:\n<\/h3>\n<p><span class=\"wpcf7-form-control-wrap\" data-name=\"acikolcu\"><input class=\"wpcf7-form-control wpcf7-number wpcf7-validates-as-number\" min=\"1\" aria-invalid=\"false\" value=\"\" type=\"number\" name=\"acikolcu\" \/><\/span>\n<\/p>\n<h3>Kapal\u0131 \u00d6l\u00e7\u00fc (L min) [mm]:\n<\/h3>\n<p><span class=\"wpcf7-form-control-wrap\" data-name=\"kapaliolcu\"><input class=\"wpcf7-form-control wpcf7-number wpcf7-validates-as-number\" min=\"1\" aria-invalid=\"false\" value=\"\" type=\"number\" name=\"kapaliolcu\" \/><\/span>\n<\/p>\n<h3>\u00dcr\u00fcnde Makas Var M\u0131?\n<\/h3>\n<p><span class=\"wpcf7-form-control-wrap\" data-name=\"makasvarmi\"><select class=\"wpcf7-form-control wpcf7-select\" aria-invalid=\"false\" name=\"makasvarmi\"><option value=\"\">-- Se\u00e7iniz --<\/option><option value=\"Evet\">Evet<\/option><option value=\"Hay\u0131r\">Hay\u0131r<\/option><\/select><\/span>\n<\/p>\n<h3>Montaj Talebiniz Var M\u0131?\n<\/h3>\n<p><span class=\"wpcf7-form-control-wrap\" data-name=\"montajtalebi\"><select class=\"wpcf7-form-control wpcf7-select\" aria-invalid=\"false\" name=\"montajtalebi\"><option value=\"\">-- Se\u00e7iniz --<\/option><option value=\"Evet\">Evet<\/option><option value=\"Hay\u0131r\">Hay\u0131r<\/option><\/select><\/span>\n<\/p>\n<h3>Ek Olarak Belirtmek \u0130stedikleriniz:\n<\/h3>\n<p><span class=\"wpcf7-form-control-wrap\" data-name=\"mesaj\"><textarea cols=\"40\" rows=\"10\" maxlength=\"2000\" class=\"wpcf7-form-control wpcf7-textarea\" aria-invalid=\"false\" name=\"mesaj\"><\/textarea><\/span>\n<\/p>\n<p><input class=\"wpcf7-form-control wpcf7-submit has-spinner rwcusButton\" type=\"submit\" value=\"Teklif Talebi Olu\u015ftur\" \/>\n<\/p>\n<p><span id=\"wpcf7-69e051ebbf6e4-wrapper\" class=\"wpcf7-form-control-wrap spamengelleyici-472-wrap\" style=\"display:none !important; visibility:hidden !important;\"><label for=\"wpcf7-69e051ebbf6e4-field\" class=\"hp-message\">Please leave this field empty.<\/label><input id=\"wpcf7-69e051ebbf6e4-field\"  class=\"wpcf7-form-control wpcf7-text\" type=\"text\" name=\"spamengelleyici-472\" value=\"\" size=\"40\" tabindex=\"-1\" autocomplete=\"new-password\" \/><\/span>\n<\/p><div class=\"wpcf7-response-output\" aria-hidden=\"true\"><\/div>\n<\/form>\n<\/div>\n<\/div>\n","protected":false},"excerpt":{"rendered":"","protected":false},"author":2,"featured_media":0,"parent":221,"menu_order":0,"comment_status":"closed","ping_status":"closed","template":"","meta":{"footnotes":""},"class_list":["post-335","page","type-page","status-publish","hentry"],"_links":{"self":[{"href":"https:\/\/www.mksmuhendislik.com.tr\/tr\/wp-json\/wp\/v2\/pages\/335","targetHints":{"allow":["GET"]}}],"collection":[{"href":"https:\/\/www.mksmuhendislik.com.tr\/tr\/wp-json\/wp\/v2\/pages"}],"about":[{"href":"https:\/\/www.mksmuhendislik.com.tr\/tr\/wp-json\/wp\/v2\/types\/page"}],"author":[{"embeddable":true,"href":"https:\/\/www.mksmuhendislik.com.tr\/tr\/wp-json\/wp\/v2\/users\/2"}],"replies":[{"embeddable":true,"href":"https:\/\/www.mksmuhendislik.com.tr\/tr\/wp-json\/wp\/v2\/comments?post=335"}],"version-history":[{"count":2,"href":"https:\/\/www.mksmuhendislik.com.tr\/tr\/wp-json\/wp\/v2\/pages\/335\/revisions"}],"predecessor-version":[{"id":426,"href":"https:\/\/www.mksmuhendislik.com.tr\/tr\/wp-json\/wp\/v2\/pages\/335\/revisions\/426"}],"up":[{"embeddable":true,"href":"https:\/\/www.mksmuhendislik.com.tr\/tr\/wp-json\/wp\/v2\/pages\/221"}],"wp:attachment":[{"href":"https:\/\/www.mksmuhendislik.com.tr\/tr\/wp-json\/wp\/v2\/media?parent=335"}],"curies":[{"name":"wp","href":"https:\/\/api.w.org\/{rel}","templated":true}]}}