{"id":314,"date":"2024-12-10T15:49:26","date_gmt":"2024-12-10T12:49:26","guid":{"rendered":"https:\/\/www.mksmuhendislik.com.tr\/tr\/?page_id=314"},"modified":"2024-12-11T12:08:37","modified_gmt":"2024-12-11T09:08:37","slug":"teleskopik-sac-muhafaza-teklif-talebi","status":"publish","type":"page","link":"https:\/\/www.mksmuhendislik.com.tr\/tr\/teklif-talebi\/teleskopik-sac-muhafaza-teklif-talebi","title":{"rendered":"Teleskopik Sac Muhafaza Teklif Talebi"},"content":{"rendered":"\n<p><p style=\"text-align:center;\">L\u00fctfen teklif almak istedi\u011finiz&nbsp;<strong>Teleskopik Sac Muhafaza<\/strong>&nbsp;tipini se\u00e7iniz.<\/p><\/p>\n\n\n\n<figure class=\"wp-block-gallery has-nested-images columns-2 wp-block-gallery-1 is-layout-flex wp-block-gallery-is-layout-flex\">\n<figure class=\"wp-block-image size-full\"><a href=\"https:\/\/www.mksmuhendislik.com.tr\/tr\/teklif-talebi\/teleskopik-sac-muhafaza-teklif-talebi\/teleskopik-sac-muhafaza-tip-1-teklif-talebi\"><img loading=\"lazy\" decoding=\"async\" width=\"1280\" height=\"1087\" data-id=\"396\" src=\"https:\/\/www.mksmuhendislik.com.tr\/tr\/wp-content\/uploads\/tek_teleskopik-sac-muhafaza-tip-1-grey.png\" alt=\"\" class=\"wp-image-396\" srcset=\"https:\/\/www.mksmuhendislik.com.tr\/tr\/wp-content\/uploads\/tek_teleskopik-sac-muhafaza-tip-1-grey.png 1280w, https:\/\/www.mksmuhendislik.com.tr\/tr\/wp-content\/uploads\/tek_teleskopik-sac-muhafaza-tip-1-grey-300x255.png 300w, https:\/\/www.mksmuhendislik.com.tr\/tr\/wp-content\/uploads\/tek_teleskopik-sac-muhafaza-tip-1-grey-1024x870.png 1024w, https:\/\/www.mksmuhendislik.com.tr\/tr\/wp-content\/uploads\/tek_teleskopik-sac-muhafaza-tip-1-grey-768x652.png 768w\" sizes=\"auto, (max-width: 1280px) 100vw, 1280px\" \/><\/a><\/figure>\n\n\n\n<figure class=\"wp-block-image size-full\"><a href=\"https:\/\/www.mksmuhendislik.com.tr\/tr\/teklif-talebi\/teleskopik-sac-muhafaza-teklif-talebi\/teleskopik-sac-muhafaza-tip-2-teklif-talebi\"><img loading=\"lazy\" decoding=\"async\" width=\"1280\" height=\"1087\" data-id=\"397\" src=\"https:\/\/www.mksmuhendislik.com.tr\/tr\/wp-content\/uploads\/tek_teleskopik-sac-muhafaza-tip-2-grey.png\" alt=\"\" class=\"wp-image-397\" srcset=\"https:\/\/www.mksmuhendislik.com.tr\/tr\/wp-content\/uploads\/tek_teleskopik-sac-muhafaza-tip-2-grey.png 1280w, https:\/\/www.mksmuhendislik.com.tr\/tr\/wp-content\/uploads\/tek_teleskopik-sac-muhafaza-tip-2-grey-300x255.png 300w, https:\/\/www.mksmuhendislik.com.tr\/tr\/wp-content\/uploads\/tek_teleskopik-sac-muhafaza-tip-2-grey-1024x870.png 1024w, https:\/\/www.mksmuhendislik.com.tr\/tr\/wp-content\/uploads\/tek_teleskopik-sac-muhafaza-tip-2-grey-768x652.png 768w\" sizes=\"auto, (max-width: 1280px) 100vw, 1280px\" \/><\/a><\/figure>\n\n\n\n<figure class=\"wp-block-image size-full\"><a href=\"https:\/\/www.mksmuhendislik.com.tr\/tr\/teklif-talebi\/teleskopik-sac-muhafaza-teklif-talebi\/teleskopik-sac-muhafaza-tip-3-teklif-talebi\"><img loading=\"lazy\" decoding=\"async\" width=\"1280\" height=\"1087\" data-id=\"398\" src=\"https:\/\/www.mksmuhendislik.com.tr\/tr\/wp-content\/uploads\/tek_teleskopik-sac-muhafaza-tip-3-grey.png\" alt=\"\" class=\"wp-image-398\" srcset=\"https:\/\/www.mksmuhendislik.com.tr\/tr\/wp-content\/uploads\/tek_teleskopik-sac-muhafaza-tip-3-grey.png 1280w, https:\/\/www.mksmuhendislik.com.tr\/tr\/wp-content\/uploads\/tek_teleskopik-sac-muhafaza-tip-3-grey-300x255.png 300w, https:\/\/www.mksmuhendislik.com.tr\/tr\/wp-content\/uploads\/tek_teleskopik-sac-muhafaza-tip-3-grey-1024x870.png 1024w, https:\/\/www.mksmuhendislik.com.tr\/tr\/wp-content\/uploads\/tek_teleskopik-sac-muhafaza-tip-3-grey-768x652.png 768w\" sizes=\"auto, (max-width: 1280px) 100vw, 1280px\" \/><\/a><\/figure>\n\n\n\n<figure class=\"wp-block-image size-full\"><a href=\"https:\/\/www.mksmuhendislik.com.tr\/tr\/teklif-talebi\/teleskopik-sac-muhafaza-teklif-talebi\/teleskopik-sac-muhafaza-tip-4-teklif-talebi\"><img loading=\"lazy\" decoding=\"async\" width=\"1280\" height=\"1087\" data-id=\"399\" src=\"https:\/\/www.mksmuhendislik.com.tr\/tr\/wp-content\/uploads\/tek_teleskopik-sac-muhafaza-tip-4-grey.png\" alt=\"\" class=\"wp-image-399\" srcset=\"https:\/\/www.mksmuhendislik.com.tr\/tr\/wp-content\/uploads\/tek_teleskopik-sac-muhafaza-tip-4-grey.png 1280w, https:\/\/www.mksmuhendislik.com.tr\/tr\/wp-content\/uploads\/tek_teleskopik-sac-muhafaza-tip-4-grey-300x255.png 300w, https:\/\/www.mksmuhendislik.com.tr\/tr\/wp-content\/uploads\/tek_teleskopik-sac-muhafaza-tip-4-grey-1024x870.png 1024w, https:\/\/www.mksmuhendislik.com.tr\/tr\/wp-content\/uploads\/tek_teleskopik-sac-muhafaza-tip-4-grey-768x652.png 768w\" sizes=\"auto, (max-width: 1280px) 100vw, 1280px\" \/><\/a><\/figure>\n<\/figure>\n","protected":false},"excerpt":{"rendered":"<p>L\u00fctfen teklif almak istedi\u011finiz&nbsp;Teleskopik Sac Muhafaza&nbsp;tipini se\u00e7iniz.<\/p>\n","protected":false},"author":2,"featured_media":0,"parent":221,"menu_order":0,"comment_status":"closed","ping_status":"closed","template":"","meta":{"footnotes":""},"class_list":["post-314","page","type-page","status-publish","hentry"],"_links":{"self":[{"href":"https:\/\/www.mksmuhendislik.com.tr\/tr\/wp-json\/wp\/v2\/pages\/314","targetHints":{"allow":["GET"]}}],"collection":[{"href":"https:\/\/www.mksmuhendislik.com.tr\/tr\/wp-json\/wp\/v2\/pages"}],"about":[{"href":"https:\/\/www.mksmuhendislik.com.tr\/tr\/wp-json\/wp\/v2\/types\/page"}],"author":[{"embeddable":true,"href":"https:\/\/www.mksmuhendislik.com.tr\/tr\/wp-json\/wp\/v2\/users\/2"}],"replies":[{"embeddable":true,"href":"https:\/\/www.mksmuhendislik.com.tr\/tr\/wp-json\/wp\/v2\/comments?post=314"}],"version-history":[{"count":6,"href":"https:\/\/www.mksmuhendislik.com.tr\/tr\/wp-json\/wp\/v2\/pages\/314\/revisions"}],"predecessor-version":[{"id":401,"href":"https:\/\/www.mksmuhendislik.com.tr\/tr\/wp-json\/wp\/v2\/pages\/314\/revisions\/401"}],"up":[{"embeddable":true,"href":"https:\/\/www.mksmuhendislik.com.tr\/tr\/wp-json\/wp\/v2\/pages\/221"}],"wp:attachment":[{"href":"https:\/\/www.mksmuhendislik.com.tr\/tr\/wp-json\/wp\/v2\/media?parent=314"}],"curies":[{"name":"wp","href":"https:\/\/api.w.org\/{rel}","templated":true}]}}