{"id":3,"date":"2024-12-09T12:28:39","date_gmt":"2024-12-09T09:28:39","guid":{"rendered":"https:\/\/www.mksmuhendislik.com.tr\/tr\/?page_id=3"},"modified":"2024-12-20T14:40:08","modified_gmt":"2024-12-20T11:40:08","slug":"gizlilik-politikasi","status":"publish","type":"page","link":"https:\/\/www.mksmuhendislik.com.tr\/tr\/gizlilik-politikasi","title":{"rendered":"Gizlilik Politikas\u0131"},"content":{"rendered":"\n<p>MKS MUHEND\u0130SL\u0130K MAK\u0130NE KORUMA S\u0130STEMLER\u0130 A.\u015e. (bundan sonra yaln\u0131zca \u2018MKS M\u00fchendislik\u2019 olarak an\u0131lacakt\u0131r) kullan\u0131c\u0131lar taraf\u0131ndan web sitesine giri\u015f yap\u0131lan baz\u0131 durumlarda, site \u201cCookie (\u00c7erez)\u201d teknolojisi arac\u0131l\u0131\u011f\u0131yla ki\u015fisel olmayan IP adresi gibi baz\u0131 teknik bilgileri otomatik olarak kaydedebilir. Bu bilgiler kullan\u0131c\u0131lar\u0131n internet taray\u0131c\u0131lar\u0131 veya bilgisayarlar\u0131n\u0131n t\u00fcr\u00fc, internet servis sa\u011flay\u0131c\u0131lar\u0131n\u0131n domain adresi, ziyaret say\u0131, s\u00fcresi ve karakter tercihlerini i\u00e7erebilir. Sitenin ziyaret\u00e7i say\u0131s\u0131 k\u00fcm\u00fclatif \u015fekilde takip edilmektedir. Bu i\u015fleme kullan\u0131c\u0131lara ait ki\u015fisel bilgiler dahil edilmemektedir. Bu bilgiler sitenin g\u00fcncel kalmas\u0131n\u0131 ve site kullan\u0131c\u0131lar\u0131n\u0131 ilgi alanlar\u0131na g\u00f6re de\u011ferlendirebilemesini sa\u011flamaktad\u0131r. Bu ki\u015fisel olmayan bilgiler MKS M\u00fchendislik\u2019in, i\u015f ortaklar\u0131 ile payla\u015f\u0131labilir. Kullan\u0131c\u0131lar bilgisayarlar\u0131nda \u201ccookie\u201d (\u00e7erez) kullan\u0131m\u0131n\u0131 engellemeleri veya kullan\u0131m oldu\u011fu takdirde uyar\u0131 vermesi i\u00e7in ayarlayabilirler.<\/p>\n\n\n\n<p>MKS M\u00fchendislik sayfalar\u0131ndan farkl\u0131 internet adreslerine ba\u011flant\u0131 vermektedir. MKS M\u00fchendislik, ba\u011flant\u0131 verdi\u011fi, banner tan\u0131t\u0131m\u0131n\u0131 yapt\u0131\u011f\u0131 ve ya reklam alanlar\u0131nda tan\u0131tt\u0131\u011f\u0131 sitelerin i\u00e7eriklerinden veya gizlilik prensiplerinden sorumlu de\u011fildir. Burada bahsedilen ba\u011flant\u0131 verme i\u015flemi, hukuki olarak \u201cat\u0131fta bulunma\u201d olarak de\u011ferlendirilmektedir.<\/p>\n\n\n\n<p>MKS M\u00fchendislik bu web sitesi gizlilik s\u00f6zle\u015fmesinde, haber vermeksizin de\u011fi\u015fiklikler yapabilir.<\/p>\n\n\n\n<p>MKS M\u00fchendislik web sitesini kullanan her ziyaret\u00e7i yukar\u0131da yer alan gizlilik s\u00f6zle\u015fmesini kabul etmi\u015f say\u0131lmaktad\u0131r.<\/p>\n","protected":false},"excerpt":{"rendered":"<p>MKS MUHEND\u0130SL\u0130K MAK\u0130NE KORUMA S\u0130STEMLER\u0130 A.\u015e. (bundan sonra yaln\u0131zca \u2018MKS M\u00fchendislik\u2019 olarak an\u0131lacakt\u0131r) kullan\u0131c\u0131lar taraf\u0131ndan web sitesine giri\u015f yap\u0131lan baz\u0131 durumlarda, site \u201cCookie (\u00c7erez)\u201d teknolojisi arac\u0131l\u0131\u011f\u0131yla ki\u015fisel olmayan IP adresi gibi baz\u0131 teknik bilgileri otomatik olarak kaydedebilir. Bu bilgiler kullan\u0131c\u0131lar\u0131n internet taray\u0131c\u0131lar\u0131 veya bilgisayarlar\u0131n\u0131n t\u00fcr\u00fc, internet servis sa\u011flay\u0131c\u0131lar\u0131n\u0131n domain adresi, ziyaret say\u0131, s\u00fcresi ve karakter [&hellip;]<\/p>\n","protected":false},"author":1,"featured_media":0,"parent":0,"menu_order":0,"comment_status":"closed","ping_status":"closed","template":"","meta":{"footnotes":""},"class_list":["post-3","page","type-page","status-publish","hentry"],"_links":{"self":[{"href":"https:\/\/www.mksmuhendislik.com.tr\/tr\/wp-json\/wp\/v2\/pages\/3","targetHints":{"allow":["GET"]}}],"collection":[{"href":"https:\/\/www.mksmuhendislik.com.tr\/tr\/wp-json\/wp\/v2\/pages"}],"about":[{"href":"https:\/\/www.mksmuhendislik.com.tr\/tr\/wp-json\/wp\/v2\/types\/page"}],"author":[{"embeddable":true,"href":"https:\/\/www.mksmuhendislik.com.tr\/tr\/wp-json\/wp\/v2\/users\/1"}],"replies":[{"embeddable":true,"href":"https:\/\/www.mksmuhendislik.com.tr\/tr\/wp-json\/wp\/v2\/comments?post=3"}],"version-history":[{"count":2,"href":"https:\/\/www.mksmuhendislik.com.tr\/tr\/wp-json\/wp\/v2\/pages\/3\/revisions"}],"predecessor-version":[{"id":438,"href":"https:\/\/www.mksmuhendislik.com.tr\/tr\/wp-json\/wp\/v2\/pages\/3\/revisions\/438"}],"wp:attachment":[{"href":"https:\/\/www.mksmuhendislik.com.tr\/tr\/wp-json\/wp\/v2\/media?parent=3"}],"curies":[{"name":"wp","href":"https:\/\/api.w.org\/{rel}","templated":true}]}}