{"id":291,"date":"2024-12-10T15:34:12","date_gmt":"2024-12-10T12:34:12","guid":{"rendered":"https:\/\/www.mksmuhendislik.com.tr\/tr\/?page_id=291"},"modified":"2024-12-11T12:11:38","modified_gmt":"2024-12-11T09:11:38","slug":"standart-bez-koruk-teklif-talebi","status":"publish","type":"page","link":"https:\/\/www.mksmuhendislik.com.tr\/tr\/teklif-talebi\/standart-bez-koruk-teklif-talebi","title":{"rendered":"Standart Bez K\u00f6r\u00fck Teklif Talebi"},"content":{"rendered":"\n<p class=\"has-text-align-left\"><p class=\"has-text-align-left\" style=\"text-align:center\">L\u00fctfen teklif almak istedi\u011finiz&nbsp;<strong>Standart Bez K\u00f6r\u00fck<\/strong>&nbsp;tipini se\u00e7iniz.<\/p><\/p>\n\n\n\n<figure class=\"wp-block-gallery has-nested-images columns-2 wp-block-gallery-1 is-layout-flex wp-block-gallery-is-layout-flex\">\n<figure class=\"wp-block-image size-full\"><a href=\"https:\/\/www.mksmuhendislik.com.tr\/tr\/teklif-talebi\/standart-bez-koruk-teklif-talebi\/standart-bez-koruk-tip-1-teklif-talebi\"><img loading=\"lazy\" decoding=\"async\" width=\"1280\" height=\"1087\" data-id=\"393\" src=\"https:\/\/www.mksmuhendislik.com.tr\/tr\/wp-content\/uploads\/tek_bez-koruk-tip-1-grey.png\" alt=\"\" class=\"wp-image-393\" srcset=\"https:\/\/www.mksmuhendislik.com.tr\/tr\/wp-content\/uploads\/tek_bez-koruk-tip-1-grey.png 1280w, https:\/\/www.mksmuhendislik.com.tr\/tr\/wp-content\/uploads\/tek_bez-koruk-tip-1-grey-300x255.png 300w, https:\/\/www.mksmuhendislik.com.tr\/tr\/wp-content\/uploads\/tek_bez-koruk-tip-1-grey-1024x870.png 1024w, https:\/\/www.mksmuhendislik.com.tr\/tr\/wp-content\/uploads\/tek_bez-koruk-tip-1-grey-768x652.png 768w\" sizes=\"auto, (max-width: 1280px) 100vw, 1280px\" \/><\/a><\/figure>\n\n\n\n<figure class=\"wp-block-image size-full\"><a href=\"https:\/\/www.mksmuhendislik.com.tr\/tr\/teklif-talebi\/standart-bez-koruk-teklif-talebi\/standart-bez-koruk-tip-2-teklif-talebi\"><img loading=\"lazy\" decoding=\"async\" width=\"1280\" height=\"1087\" data-id=\"392\" src=\"https:\/\/www.mksmuhendislik.com.tr\/tr\/wp-content\/uploads\/tek_bez-koruk-tip-2-grey.png\" alt=\"\" class=\"wp-image-392\" srcset=\"https:\/\/www.mksmuhendislik.com.tr\/tr\/wp-content\/uploads\/tek_bez-koruk-tip-2-grey.png 1280w, https:\/\/www.mksmuhendislik.com.tr\/tr\/wp-content\/uploads\/tek_bez-koruk-tip-2-grey-300x255.png 300w, https:\/\/www.mksmuhendislik.com.tr\/tr\/wp-content\/uploads\/tek_bez-koruk-tip-2-grey-1024x870.png 1024w, https:\/\/www.mksmuhendislik.com.tr\/tr\/wp-content\/uploads\/tek_bez-koruk-tip-2-grey-768x652.png 768w\" sizes=\"auto, (max-width: 1280px) 100vw, 1280px\" \/><\/a><\/figure>\n\n\n\n<figure class=\"wp-block-image size-full\"><a href=\"https:\/\/www.mksmuhendislik.com.tr\/tr\/teklif-talebi\/standart-bez-koruk-teklif-talebi\/standart-bez-koruk-tip-3-teklif-talebi\"><img loading=\"lazy\" decoding=\"async\" width=\"1280\" height=\"1087\" data-id=\"391\" src=\"https:\/\/www.mksmuhendislik.com.tr\/tr\/wp-content\/uploads\/tek_bez-koruk-tip-3-grey.png\" alt=\"\" class=\"wp-image-391\" srcset=\"https:\/\/www.mksmuhendislik.com.tr\/tr\/wp-content\/uploads\/tek_bez-koruk-tip-3-grey.png 1280w, https:\/\/www.mksmuhendislik.com.tr\/tr\/wp-content\/uploads\/tek_bez-koruk-tip-3-grey-300x255.png 300w, https:\/\/www.mksmuhendislik.com.tr\/tr\/wp-content\/uploads\/tek_bez-koruk-tip-3-grey-1024x870.png 1024w, https:\/\/www.mksmuhendislik.com.tr\/tr\/wp-content\/uploads\/tek_bez-koruk-tip-3-grey-768x652.png 768w\" sizes=\"auto, (max-width: 1280px) 100vw, 1280px\" \/><\/a><\/figure>\n\n\n\n<figure class=\"wp-block-image size-full\"><a href=\"https:\/\/www.mksmuhendislik.com.tr\/tr\/teklif-talebi\/standart-bez-koruk-teklif-talebi\/standart-bez-koruk-tip-4-teklif-talebi\"><img loading=\"lazy\" decoding=\"async\" width=\"1280\" height=\"1087\" data-id=\"390\" src=\"https:\/\/www.mksmuhendislik.com.tr\/tr\/wp-content\/uploads\/tek_bez-koruk-tip-4-grey.png\" alt=\"\" class=\"wp-image-390\" srcset=\"https:\/\/www.mksmuhendislik.com.tr\/tr\/wp-content\/uploads\/tek_bez-koruk-tip-4-grey.png 1280w, https:\/\/www.mksmuhendislik.com.tr\/tr\/wp-content\/uploads\/tek_bez-koruk-tip-4-grey-300x255.png 300w, https:\/\/www.mksmuhendislik.com.tr\/tr\/wp-content\/uploads\/tek_bez-koruk-tip-4-grey-1024x870.png 1024w, https:\/\/www.mksmuhendislik.com.tr\/tr\/wp-content\/uploads\/tek_bez-koruk-tip-4-grey-768x652.png 768w\" sizes=\"auto, (max-width: 1280px) 100vw, 1280px\" \/><\/a><\/figure>\n<\/figure>\n","protected":false},"excerpt":{"rendered":"<p>L\u00fctfen teklif almak istedi\u011finiz&nbsp;Standart Bez K\u00f6r\u00fck&nbsp;tipini se\u00e7iniz.<\/p>\n","protected":false},"author":2,"featured_media":0,"parent":221,"menu_order":0,"comment_status":"closed","ping_status":"closed","template":"","meta":{"footnotes":""},"class_list":["post-291","page","type-page","status-publish","hentry"],"_links":{"self":[{"href":"https:\/\/www.mksmuhendislik.com.tr\/tr\/wp-json\/wp\/v2\/pages\/291","targetHints":{"allow":["GET"]}}],"collection":[{"href":"https:\/\/www.mksmuhendislik.com.tr\/tr\/wp-json\/wp\/v2\/pages"}],"about":[{"href":"https:\/\/www.mksmuhendislik.com.tr\/tr\/wp-json\/wp\/v2\/types\/page"}],"author":[{"embeddable":true,"href":"https:\/\/www.mksmuhendislik.com.tr\/tr\/wp-json\/wp\/v2\/users\/2"}],"replies":[{"embeddable":true,"href":"https:\/\/www.mksmuhendislik.com.tr\/tr\/wp-json\/wp\/v2\/comments?post=291"}],"version-history":[{"count":10,"href":"https:\/\/www.mksmuhendislik.com.tr\/tr\/wp-json\/wp\/v2\/pages\/291\/revisions"}],"predecessor-version":[{"id":395,"href":"https:\/\/www.mksmuhendislik.com.tr\/tr\/wp-json\/wp\/v2\/pages\/291\/revisions\/395"}],"up":[{"embeddable":true,"href":"https:\/\/www.mksmuhendislik.com.tr\/tr\/wp-json\/wp\/v2\/pages\/221"}],"wp:attachment":[{"href":"https:\/\/www.mksmuhendislik.com.tr\/tr\/wp-json\/wp\/v2\/media?parent=291"}],"curies":[{"name":"wp","href":"https:\/\/api.w.org\/{rel}","templated":true}]}}