{"id":279,"date":"2024-12-10T12:23:01","date_gmt":"2024-12-10T09:23:01","guid":{"rendered":"https:\/\/www.mksmuhendislik.com.tr\/tr\/?page_id=279"},"modified":"2024-12-10T15:45:34","modified_gmt":"2024-12-10T12:45:34","slug":"kvkk-metni","status":"publish","type":"page","link":"https:\/\/www.mksmuhendislik.com.tr\/tr\/kvkk-metni","title":{"rendered":"KVKK Metni"},"content":{"rendered":"\n<p class=\"has-text-align-left\" style=\"text-align:center;\"><strong>MKSM\u00dcHEND\u0130SL\u0130K MAK\u0130NE KORUMA S\u0130STEMLER\u0130 A.\u015e.<\/strong><br><strong>K\u0130\u015e\u0130SEL VER\u0130LER\u0130N \u0130\u015eLENMES\u0130NE \u0130L\u0130\u015eK\u0130N<\/strong><br><strong>\u0130NTERNET S\u0130TES\u0130 GENEL AYDINLATMA METN\u0130<\/strong><\/p>\n\n\n\n<p><strong>A. Veri Sorumlusu<\/strong><\/p>\n\n\n\n<p>6698 say\u0131l\u0131 Ki\u015fisel Verilerin Korunmas\u0131 Kanunu (\u201c6698 say\u0131l\u0131 Kanun\u201d) uyar\u0131nca, ki\u015fisel verileriniz; veri sorumlusu olarak MKSM\u00dcHEND\u0130SL\u0130K MAK\u0130NE KORUMA S\u0130STEMLER\u0130 A.\u015e. (\u201c\u015eirket\u201d veya \u201cMKS M\u00fchendislik\u201d) taraf\u0131ndan a\u015fa\u011f\u0131da a\u00e7\u0131klanan kapsamda i\u015flenebilecektir.<\/p>\n\n\n\n<p><strong>B.&nbsp;Ki\u015fisel Veriler Hangi Ama\u00e7la \u0130\u015flenmektedir?<\/strong><\/p>\n\n\n\n<p>Toplanan ki\u015fisel verileriniz, ki\u015fisel verilerinizi bizlere a\u00e7\u0131klaman\u0131za konu olan talebinize g\u00f6re; iletti\u011finiz mesajlar\u0131n\u0131z\u0131n de\u011ferlendirilmesi, bilgi taleplerinizin kar\u015f\u0131lanmas\u0131, \u015fikayetinizin olu\u015fturulmas\u0131, i\u015flenmesi ve sonu\u00e7land\u0131r\u0131lmas\u0131, sat\u0131\u015f sonras\u0131 hizmetlerin sa\u011flanmas\u0131, ar\u0131zal\u0131 par\u00e7a yard\u0131m talebinizin al\u0131nmas\u0131, ar\u0131zal\u0131 par\u00e7an\u0131n bulundu\u011fu yere yard\u0131m y\u00f6nlendirilmesi ve bu kapsamda sat\u0131\u015f sonras\u0131 hizmetlerinin sa\u011flanmas\u0131, \u00fcr\u00fcn ve hizmetlerimize ili\u015fkin bilgi taleplerinizin kar\u015f\u0131lanmas\u0131, ilgilendi\u011finiz \u00fcr\u00fcn ve hizmetlerimize ili\u015fkin bildirimlerin ve g\u00fcncellemelerin taraf\u0131n\u0131za iletilmesi ve ayr\u0131ca \u015eirketimiz taraf\u0131ndan sunulan \u00fcr\u00fcn ve hizmetlerden sizleri faydaland\u0131rmak i\u00e7in gerekli \u00e7al\u0131\u015fmalar\u0131n i\u015f birimlerimiz taraf\u0131ndan yap\u0131lmas\u0131 ama\u00e7lar\u0131yla 6698 say\u0131l\u0131 Kanun\u2019un 5. ve 6. maddelerinde belirtilen ki\u015fisel veri i\u015fleme \u015fartlar\u0131 ve ama\u00e7lar\u0131 dahilinde i\u015flenecektir.<\/p>\n\n\n\n<p>Ki\u015fisel verileriniz; a\u00e7\u0131k r\u0131za vermeniz halinde ise \u00fcr\u00fcn ve hizmetlerin pazarlama s\u00fcre\u00e7lerinin planlanmas\u0131 ve icras\u0131, sunulan \u00fcr\u00fcn ve hizmetlerin be\u011feni, kullan\u0131m al\u0131\u015fkanl\u0131klar\u0131n\u0131z ve ihtiya\u00e7lar\u0131n\u0131za g\u00f6re \u00f6zelle\u015ftirerek sizlere \u00f6nerilmesi ve tan\u0131t\u0131lmas\u0131, kabul\u00fcn\u00fcz kapsam\u0131nda payla\u015fm\u0131\u015f oldu\u011funuz ileti\u015fim bilgilerinize reklam, tebrik, promosyon, vb. ticari elektronik ileti g\u00f6nderilmesi ve g\u00f6nderim sa\u011flanmas\u0131 i\u00e7in hizmet ald\u0131\u011f\u0131m\u0131z \u00fc\u00e7\u00fcnc\u00fc ki\u015filerle payla\u015f\u0131lmas\u0131 ama\u00e7lar\u0131yla i\u015flenebilecektir.<\/p>\n\n\n\n<p><strong>C. \u0130\u015flenen Ki\u015fisel Veriler Kimlere Hangi Ama\u00e7la Aktar\u0131labilir?<\/strong><\/p>\n\n\n\n<p>Toplanan ki\u015fisel verileriniz; yukar\u0131da belirtilen ama\u00e7lar\u0131n ger\u00e7ekle\u015ftirilmesi do\u011frultusunda, i\u015f ortaklar\u0131m\u0131za, tedarik\u00e7ilerimize, hissedarlar\u0131m\u0131za, i\u015ftiraklerimize, kanunen yetkili kamu kurumlar\u0131 ve \u00f6zel ki\u015filere, 6698 say\u0131l\u0131 Kanun\u2019un 8. ve 9. maddelerinde belirtilen ki\u015fisel veri i\u015fleme \u015fartlar\u0131 \u00e7er\u00e7evesinde aktar\u0131labilecektir.<\/p>\n\n\n\n<p><strong>D.&nbsp;Ki\u015fisel Veri Toplaman\u0131n Y\u00f6ntemi ve Hukuki Sebebi Nedir?<\/strong><\/p>\n\n\n\n<p>\u015eirketimiz, ki\u015fisel verilerinizi i\u015fbu internet sitesinde yer alan ileti\u015fim formu&nbsp;ve benzeri formlar arac\u0131l\u0131\u011f\u0131yla elde etmektedir.<\/p>\n\n\n\n<p>Ki\u015fisel verileriniz, s\u00f6zle\u015fmenin ifas\u0131; ilgili ki\u015finin kendisi taraf\u0131ndan alenile\u015ftirilmi\u015f olmas\u0131, haklar\u0131n tesisi, kullan\u0131lmas\u0131 ve korunmas\u0131; ve \u015eirketimizin hukuki y\u00fck\u00fcml\u00fcklerinin ifas\u0131 hukuki sebeplerine dayal\u0131 olarak elde edilmektedir. A\u00e7\u0131k r\u0131zan\u0131z\u0131n varl\u0131\u011f\u0131 halinde ise yukar\u0131da a\u00e7\u0131klanan ama\u00e7larla i\u015flenebilecektir.<\/p>\n\n\n\n<p><strong>E.&nbsp;Ki\u015fisel Veri Sahibinin 6698 say\u0131l\u0131 Kanun\u2019un 11. maddesinde Say\u0131lan Haklar\u0131<\/strong><\/p>\n\n\n\n<p>Ki\u015fisel veri sahipleri olarak, haklar\u0131n\u0131za ili\u015fkin taleplerinizi bilgi@mksmuhendislik.com.tr e-posta adresimize iletmeniz durumunda MKS M\u00fchendislik talebin niteli\u011fine g\u00f6re talebi en k\u0131sa s\u00fcrede ve en ge\u00e7 otuz g\u00fcn i\u00e7inde sonu\u00e7land\u0131racakt\u0131r. Ancak, i\u015flemin ayr\u0131ca bir maliyeti gerektirmesi h\u00e2linde, \u015firket taraf\u0131ndan Ki\u015fisel Verileri Koruma Kurulunca belirlenen tarifedeki \u00fccret al\u0131nacakt\u0131r. Bu kapsamda ki\u015fisel veri sahipleri;<\/p>\n\n\n\n<ul class=\"wp-block-list\">\n<li>Ki\u015fisel veri i\u015flenip i\u015flenmedi\u011fini \u00f6\u011frenme,<\/li>\n\n\n\n<li>Ki\u015fisel verileri i\u015flenmi\u015fse buna ili\u015fkin bilgi talep etme,<\/li>\n\n\n\n<li>Ki\u015fisel verilerin i\u015flenme amac\u0131n\u0131 ve bunlar\u0131n amac\u0131na uygun kullan\u0131l\u0131p kullan\u0131lmad\u0131\u011f\u0131n\u0131 \u00f6\u011frenme,<\/li>\n\n\n\n<li>Yurt i\u00e7inde veya yurt d\u0131\u015f\u0131nda ki\u015fisel verilerin aktar\u0131ld\u0131\u011f\u0131 \u00fc\u00e7\u00fcnc\u00fc ki\u015fileri bilme,<\/li>\n\n\n\n<li>Ki\u015fisel verilerin eksik veya yanl\u0131\u015f i\u015flenmi\u015f olmas\u0131 h\u00e2linde bunlar\u0131n d\u00fczeltilmesini isteme ve bu kapsamda yap\u0131lan i\u015flemin ki\u015fisel verilerin aktar\u0131ld\u0131\u011f\u0131 \u00fc\u00e7\u00fcnc\u00fc ki\u015filere bildirilmesini isteme,<\/li>\n\n\n\n<li>6698 say\u0131l\u0131 Kanun ve ilgili di\u011fer kanun h\u00fck\u00fcmlerine uygun olarak i\u015flenmi\u015f olmas\u0131na ra\u011fmen, i\u015flenmesini gerektiren sebeplerin ortadan kalkmas\u0131 h\u00e2linde ki\u015fisel verilerin silinmesini veya yok edilmesini isteme ve bu kapsamda yap\u0131lan i\u015flemin ki\u015fisel verilerin aktar\u0131ld\u0131\u011f\u0131 \u00fc\u00e7\u00fcnc\u00fc ki\u015filere bildirilmesini isteme,<\/li>\n\n\n\n<li>\u0130\u015flenen verilerin m\u00fcnhas\u0131ran otomatik sistemler vas\u0131tas\u0131yla analiz edilmesi suretiyle ki\u015finin kendisi aleyhine bir sonucun ortaya \u00e7\u0131kmas\u0131na itiraz etme,<\/li>\n\n\n\n<li>Ki\u015fisel verilerin kanuna ayk\u0131r\u0131 olarak i\u015flenmesi sebebiyle zarara u\u011framas\u0131 h\u00e2linde zarar\u0131n giderilmesini talep etme haklar\u0131na sahiptir.<\/li>\n<\/ul>\n\n\n\n<p>Yukar\u0131da s\u0131ralanmakta olan haklar\u0131n\u0131za y\u00f6nelik ba\u015fvurular\u0131n\u0131z\u0131, bilgi@mksmuhendislik.com.tr adresine y\u00f6nlendirece\u011finiz ba\u015fvuru arac\u0131l\u0131\u011f\u0131yla MKS M\u00fchendislik\u2019e iletebilirsiniz. Talebinizin niteli\u011fine g\u00f6re en k\u0131sa s\u00fcrede ve en ge\u00e7 otuz g\u00fcn i\u00e7inde ba\u015fvurular\u0131n\u0131z \u00fccretsiz olarak sonu\u00e7land\u0131r\u0131lacakt\u0131r; ancak i\u015flemin ayr\u0131ca bir maliyet gerektirmesi halinde Ki\u015fisel Verileri Koruma Kurulu taraf\u0131ndan belirlenecek tarifeye g\u00f6re taraf\u0131n\u0131zdan \u00fccret talep edilebilecektir.<\/p>\n","protected":false},"excerpt":{"rendered":"<p>MKSM\u00dcHEND\u0130SL\u0130K MAK\u0130NE KORUMA S\u0130STEMLER\u0130 A.\u015e.K\u0130\u015e\u0130SEL VER\u0130LER\u0130N \u0130\u015eLENMES\u0130NE \u0130L\u0130\u015eK\u0130N\u0130NTERNET S\u0130TES\u0130 GENEL AYDINLATMA METN\u0130 A. Veri Sorumlusu 6698 say\u0131l\u0131 Ki\u015fisel Verilerin Korunmas\u0131 Kanunu (\u201c6698 say\u0131l\u0131 Kanun\u201d) uyar\u0131nca, ki\u015fisel verileriniz; veri sorumlusu olarak MKSM\u00dcHEND\u0130SL\u0130K MAK\u0130NE KORUMA S\u0130STEMLER\u0130 A.\u015e. (\u201c\u015eirket\u201d veya \u201cMKS M\u00fchendislik\u201d) taraf\u0131ndan a\u015fa\u011f\u0131da a\u00e7\u0131klanan kapsamda i\u015flenebilecektir. B.&nbsp;Ki\u015fisel Veriler Hangi Ama\u00e7la \u0130\u015flenmektedir? Toplanan ki\u015fisel verileriniz, ki\u015fisel verilerinizi bizlere [&hellip;]<\/p>\n","protected":false},"author":2,"featured_media":0,"parent":0,"menu_order":0,"comment_status":"closed","ping_status":"closed","template":"","meta":{"footnotes":""},"class_list":["post-279","page","type-page","status-publish","hentry"],"_links":{"self":[{"href":"https:\/\/www.mksmuhendislik.com.tr\/tr\/wp-json\/wp\/v2\/pages\/279","targetHints":{"allow":["GET"]}}],"collection":[{"href":"https:\/\/www.mksmuhendislik.com.tr\/tr\/wp-json\/wp\/v2\/pages"}],"about":[{"href":"https:\/\/www.mksmuhendislik.com.tr\/tr\/wp-json\/wp\/v2\/types\/page"}],"author":[{"embeddable":true,"href":"https:\/\/www.mksmuhendislik.com.tr\/tr\/wp-json\/wp\/v2\/users\/2"}],"replies":[{"embeddable":true,"href":"https:\/\/www.mksmuhendislik.com.tr\/tr\/wp-json\/wp\/v2\/comments?post=279"}],"version-history":[{"count":9,"href":"https:\/\/www.mksmuhendislik.com.tr\/tr\/wp-json\/wp\/v2\/pages\/279\/revisions"}],"predecessor-version":[{"id":302,"href":"https:\/\/www.mksmuhendislik.com.tr\/tr\/wp-json\/wp\/v2\/pages\/279\/revisions\/302"}],"wp:attachment":[{"href":"https:\/\/www.mksmuhendislik.com.tr\/tr\/wp-json\/wp\/v2\/media?parent=279"}],"curies":[{"name":"wp","href":"https:\/\/api.w.org\/{rel}","templated":true}]}}