{"id":277,"date":"2024-12-10T12:22:26","date_gmt":"2024-12-10T09:22:26","guid":{"rendered":"https:\/\/www.mksmuhendislik.com.tr\/tr\/?page_id=277"},"modified":"2024-12-10T12:22:27","modified_gmt":"2024-12-10T09:22:27","slug":"cerez-politikasi","status":"publish","type":"page","link":"https:\/\/www.mksmuhendislik.com.tr\/tr\/cerez-politikasi","title":{"rendered":"\u00c7erez Politikas\u0131"},"content":{"rendered":"\n<p><strong>SON G\u00dcNCELLEME: 18.12.2020<\/strong><\/p>\n\n\n\n<p>MKSM\u00dcHEND\u0130SL\u0130K MAK\u0130NE KORUMA S\u0130STEMLER\u0130 A.\u015e. (\u201cMKS M\u00fchendislik\u201d) olarak sahip oldu\u011fumuz https:\/\/www.mksmuhendislik.com.tr web sitemizin (\u201cweb sitesi\u201d) ziyaret\u00e7ilerinin gizlilik ve ki\u015fisel verilerinin korunmas\u0131 haklar\u0131n\u0131 g\u00f6zeterek ziyaret\u00e7ilerimize daha iyi bir kullan\u0131m deneyimi sa\u011flayabilmek i\u00e7in internet \u00e7erezleri kullanmaktay\u0131z. Bu \u00c7erez Politikas\u0131 (\u201cpolitika\u201d), t\u00fcm Web Sitesi ziyaret\u00e7ilerimize ve kullan\u0131c\u0131lar\u0131m\u0131za hangi t\u00fcr \u00e7erezlerin hangi ko\u015fullarda kullan\u0131ld\u0131\u011f\u0131n\u0131 a\u00e7\u0131klamaktad\u0131r.<\/p>\n\n\n\n<p>Bu politika, web sitesine hangi teknolojilerle, hangi y\u00f6ntemlerle ve ne \u015fekilde ba\u011fland\u0131\u011f\u0131n\u0131za ba\u011fl\u0131 olmaks\u0131z\u0131n uygulanmakta olup, dikkatlice okuyup incelemenizi tavsiye ederiz.<\/p>\n\n\n\n<p><strong>1.\u00c7EREZ NED\u0130R? HANG\u0130 AMA\u00c7LARLA KULLANILIR?<\/strong><\/p>\n\n\n\n<p>\u00c7erez, internet siteleri taraf\u0131ndan eri\u015fim sa\u011flad\u0131\u011f\u0131n\u0131z bilgisayar\u0131n\u0131za, cep telefonlar\u0131n\u0131za, tabletlerinize veya di\u011fer mobil cihazlar\u0131n\u0131za kaydedilen k\u00fc\u00e7\u00fck veri depolama dosyalar\u0131d\u0131r. Bu dosyada web sitesi gezintinize ait bilgiler saklan\u0131r. B\u00f6ylelikle eri\u015fim sa\u011flad\u0131\u011f\u0131n\u0131z cihazlar\u0131n\u0131z web sitesini tekrar kulland\u0131\u011f\u0131n\u0131zda bu verilerinizi hat\u0131rlayacakt\u0131r. Dolay\u0131s\u0131yla \u00e7erezler, web sitesini etkili ve daha kolay kullanabilmeniz i\u00e7in gerekli ve \u00f6nemlidir. \u00c7erezler ayr\u0131ca web sitesinde ve \u00fc\u00e7\u00fcnc\u00fc ki\u015filerin web sitelerinde size daha uygun hizmet, \u00fcr\u00fcn veya teklifler sunabilmemiz i\u00e7in kullan\u0131lmaktad\u0131r.<\/p>\n\n\n\n<p>\u00c7erezlerin kullan\u0131lmas\u0131n\u0131n temel ama\u00e7lar\u0131;<\/p>\n\n\n\n<ul class=\"wp-block-list\">\n<li>Web sitesinin daha etkili kullan\u0131labilmesi i\u00e7in baz\u0131 teknik verilere ihtiya\u00e7 duyulmas\u0131,<\/li>\n\n\n\n<li>Web sitesi tarama ve kullanma tercih ve al\u0131\u015fkanl\u0131klar\u0131na ili\u015fkin bilgilerin toplanmas\u0131,<\/li>\n\n\n\n<li>5651 say\u0131l\u0131 \u0130nternet Ortam\u0131nda Yap\u0131lan Yay\u0131nlar\u0131n D\u00fczenlenmesi ve Bu Yay\u0131nlar Yoluyla \u0130\u015flenen Su\u00e7larla M\u00fccadele Edilmesi Hakk\u0131nda Kanun ve Internet Ortam\u0131nda Yap\u0131lan Yay\u0131nlar\u0131n D\u00fczenlenmesine Dair Usul ve Esaslar Hakk\u0131nda Y\u00f6netmelik\u2019ten kaynaklananlar ba\u015fta olmak \u00fczere, kanuni y\u00fck\u00fcml\u00fcl\u00fcklerin yerine getirilebilmesi i\u00e7in IP adresiniz vb. verilere ihtiya\u00e7 duymas\u0131.<\/li>\n<\/ul>\n\n\n\n<p><strong>2.\u00c7EREZLERLE HANG\u0130 T\u00dcR VER\u0130LER\u0130N\u0130Z\u0130 \u0130\u015eL\u0130YORUZ?<\/strong><\/p>\n\n\n\n<p>\u00c7erezler, t\u00fcrlerine ba\u011fl\u0131 olmak \u00fczere, genel olarak, web sitesine eri\u015fti\u011finiz cihazda tarama ve kullan\u0131m tercihlerinize ili\u015fkin verileri toplamaktad\u0131r. Bu veriler, eri\u015fti\u011finiz sayfalar\u0131, inceledi\u011finiz hizmet ve \u00fcr\u00fcnlerimizi, web sitesinde yapt\u0131\u011f\u0131n\u0131z gezintiye ili\u015fkin t\u00fcm bilgileri kapsamaktad\u0131r.<\/p>\n\n\n\n<p><strong>3.HANG\u0130 T\u00dcR \u00c7EREZLER\u0130 HANG\u0130 \u015eEK\u0130LLERDE KULLANIYORUZ?<\/strong><\/p>\n\n\n\n<p>Web sitesinde farkl\u0131 t\u00fcrlerde \u00e7erezler kullanmaktay\u0131z. Bunlar web sitesinin \u00e7al\u0131\u015fmas\u0131n\u0131 sa\u011flamak i\u00e7in kullan\u0131lmas\u0131 zorunlu olan \u00e7erezler, i\u015flev \u00e7erezleri, analiz\/performans \u00e7erezleri ve hedefleme\/reklam \u00e7erezleridir.<\/p>\n\n\n\n<p><strong><em>Kullan\u0131lmas\u0131 Zorunlu Olan \u00c7erezler:<\/em><\/strong> Bu \u00e7erezler, web sitesinin d\u00fczg\u00fcn \u015fekilde \u00e7al\u0131\u015fmas\u0131 i\u00e7in mutlaka gerekli olan \u00e7erezlerdir. Bu \u00e7erezlere, sistemin y\u00f6netilebilmesi, sahte i\u015flemlerin \u00f6nlenmesi i\u00e7in ihtiya\u00e7 vard\u0131r ve engellenmesi halinde web sitesi \u00e7al\u0131\u015famayacakt\u0131r.<\/p>\n\n\n\n<p><strong><em>\u0130\u015flev \u00c7erezleri: <\/em><\/strong>Bu \u00e7erezler size daha geli\u015fmi\u015f ve kolay bir kullan\u0131m deneyimi ya\u015fatmak i\u00e7in kullan\u0131lan \u00e7erezlerdir. \u00d6rne\u011fin \u00f6nceki tercihlerinizi hat\u0131rlamak, web sitesi \u00fczerinde yer alan baz\u0131 i\u00e7eriklere rahat\u00e7a eri\u015fmenizi sa\u011flamak i\u015flevlerini yerine getirmektedir. Taray\u0131c\u0131 ayarlar\u0131n\u0131zdan bu \u00e7erezlerin kullan\u0131m\u0131n\u0131 engelleyebilirsiniz.<\/p>\n\n\n\n<p><strong><em>Analiz\/Performans \u00c7erezleri: <\/em><\/strong>Bu \u00e7erezler, web sitesinin i\u015fleyi\u015finizi analiz edip anlam\u0131m\u0131z\u0131 sa\u011flayan ve sizinle etkile\u015fime ge\u00e7erek web sitesini geli\u015ftirebilmemizi sa\u011flamaktad\u0131r. Taray\u0131c\u0131 ayarlar\u0131n\u0131zdan bu \u00e7erezlerin kullan\u0131m\u0131n\u0131 engelleyebilirsiniz.<\/p>\n\n\n\n<p><strong><em>Hedefleme\/Reklam \u00c7erezleri: <\/em><\/strong>Bu \u00e7erezler, size, reklam i\u00e7erikleri de dahil olmak \u00fczere, ilginizi \u00e7ekebilecek i\u00e7erikleri saptayarak sunmam\u0131z i\u00e7in kullan\u0131lmaktad\u0131r. Taray\u0131c\u0131 ayarlar\u0131n\u0131zdan bu \u00e7erezlerin kullan\u0131m\u0131n\u0131 engelleyebilirsiniz. Ancak bu \u00e7erezleri engellemeniz, reklam i\u00e7eriklerini tamamen engellemeyecek sadece sizin ilginizi \u00e7ekebilecek olan reklamlar yerine genel i\u00e7erikli reklamlar sunulacakt\u0131r.<\/p>\n\n\n\n<p>Web sitesinde \u00fc\u00e7\u00fcnc\u00fc ki\u015filerin ba\u015fta reklam hizmetleri olmak \u00fczere hizmet sa\u011flamas\u0131na yard\u0131mc\u0131 olmak ve bu hizmetlerin etkinli\u011fini art\u0131rmak i\u00e7in \u00e7erezler kullan\u0131lmaktad\u0131r. Bu \u00e7erezler, ziyaret etti\u011finiz web sayfalar\u0131n\u0131 ve siteleri hat\u0131rlayabilir ve ba\u015fta kullan\u0131c\u0131 cihaz\u0131n\u0131n IP adresi olmak \u00fczere ki\u015fisel verileri toplayabilir. Web sitesi, bilgi toplamak, ilgi alanlar\u0131n\u0131z\u0131 ve demografik verileri hat\u0131rlamak ve size hedeflenmi\u015f reklamlar\u0131 sunmak, reklamlar\u0131 iyile\u015ftirmek ziyaret edilme ve reklam g\u00f6sterimleri say\u0131s\u0131n\u0131, reklam hizmetlerinin di\u011fer kullan\u0131mlar\u0131n\u0131 ve bu reklam g\u00f6sterimleri ve reklam hizmetleriyle ilgili etkile\u015fimler aras\u0131ndaki oran\u0131 belirlemek i\u00e7in hem birinci taraf hem de \u00fc\u00e7\u00fcnc\u00fc taraf \u00e7erezlerini kullanmaktad\u0131r. Web sitesi Facebook, Twitter, Instagram, Linkedin gibi sosyal a\u011flara ba\u011flant\u0131 sa\u011flayan sosyal eklentilerden faydalanmaktad\u0131r. Web sitesini ziyaret etti\u011finizde ve bu eklentileri kulland\u0131\u011f\u0131n\u0131zda, web sitesi do\u011frudan se\u00e7ilen sosyal a\u011f\u0131n sunucusuna ba\u011flan\u0131r. Ard\u0131ndan, eklentinin sundu\u011fu i\u00e7erik do\u011frudan sosyal a\u011flardan web taray\u0131c\u0131n\u0131za iletilir ve ziyaret etmekte oldu\u011funuz web sitesine eklenir. B\u00f6ylelikle ilgili sosyal a\u011f size ait verilere ula\u015farak i\u015fleyebilir ve ilgili sosyal a\u011fdaki hesab\u0131n\u0131za ait verilerle birle\u015ftirebilir.<\/p>\n\n\n\n<p>L\u00fctfen sosyal a\u011flar\u0131n eklentiler arac\u0131l\u0131\u011f\u0131yla i\u015fledi\u011fi verilerin kapsam\u0131 \u00fczerinde herhangi bir etkimiz ve kontrol\u00fcm\u00fcz olmad\u0131\u011f\u0131n\u0131 unutmay\u0131n. Sosyal a\u011flar\u0131n ki\u015fisel verilerinizi hangi ama\u00e7la, hangi y\u00f6ntemlerle ve hangi s\u00fcreyle i\u015fleyece\u011fine ili\u015fkin daha fazla bilgi almak i\u00e7in ilgili sosyal a\u011flar taraf\u0131ndan yay\u0131nlanan ki\u015fisel verilerin i\u015flenmesi politikalar\u0131n\u0131 inceleyebilirsiniz.<\/p>\n","protected":false},"excerpt":{"rendered":"<p>SON G\u00dcNCELLEME: 18.12.2020 MKSM\u00dcHEND\u0130SL\u0130K MAK\u0130NE KORUMA S\u0130STEMLER\u0130 A.\u015e. (\u201cMKS M\u00fchendislik\u201d) olarak sahip oldu\u011fumuz https:\/\/www.mksmuhendislik.com.tr web sitemizin (\u201cweb sitesi\u201d) ziyaret\u00e7ilerinin gizlilik ve ki\u015fisel verilerinin korunmas\u0131 haklar\u0131n\u0131 g\u00f6zeterek ziyaret\u00e7ilerimize daha iyi bir kullan\u0131m deneyimi sa\u011flayabilmek i\u00e7in internet \u00e7erezleri kullanmaktay\u0131z. Bu \u00c7erez Politikas\u0131 (\u201cpolitika\u201d), t\u00fcm Web Sitesi ziyaret\u00e7ilerimize ve kullan\u0131c\u0131lar\u0131m\u0131za hangi t\u00fcr \u00e7erezlerin hangi ko\u015fullarda kullan\u0131ld\u0131\u011f\u0131n\u0131 a\u00e7\u0131klamaktad\u0131r. Bu [&hellip;]<\/p>\n","protected":false},"author":2,"featured_media":0,"parent":0,"menu_order":0,"comment_status":"closed","ping_status":"closed","template":"","meta":{"footnotes":""},"class_list":["post-277","page","type-page","status-publish","hentry"],"_links":{"self":[{"href":"https:\/\/www.mksmuhendislik.com.tr\/tr\/wp-json\/wp\/v2\/pages\/277","targetHints":{"allow":["GET"]}}],"collection":[{"href":"https:\/\/www.mksmuhendislik.com.tr\/tr\/wp-json\/wp\/v2\/pages"}],"about":[{"href":"https:\/\/www.mksmuhendislik.com.tr\/tr\/wp-json\/wp\/v2\/types\/page"}],"author":[{"embeddable":true,"href":"https:\/\/www.mksmuhendislik.com.tr\/tr\/wp-json\/wp\/v2\/users\/2"}],"replies":[{"embeddable":true,"href":"https:\/\/www.mksmuhendislik.com.tr\/tr\/wp-json\/wp\/v2\/comments?post=277"}],"version-history":[{"count":1,"href":"https:\/\/www.mksmuhendislik.com.tr\/tr\/wp-json\/wp\/v2\/pages\/277\/revisions"}],"predecessor-version":[{"id":278,"href":"https:\/\/www.mksmuhendislik.com.tr\/tr\/wp-json\/wp\/v2\/pages\/277\/revisions\/278"}],"wp:attachment":[{"href":"https:\/\/www.mksmuhendislik.com.tr\/tr\/wp-json\/wp\/v2\/media?parent=277"}],"curies":[{"name":"wp","href":"https:\/\/api.w.org\/{rel}","templated":true}]}}