{"id":237,"date":"2024-12-10T11:35:35","date_gmt":"2024-12-10T08:35:35","guid":{"rendered":"https:\/\/www.mksmuhendislik.com.tr\/tr\/?page_id=237"},"modified":"2024-12-11T13:22:15","modified_gmt":"2024-12-11T10:22:15","slug":"fuar","status":"publish","type":"page","link":"https:\/\/www.mksmuhendislik.com.tr\/tr\/fuar","title":{"rendered":"Fuardan G\u00f6r\u00fcnt\u00fcler"},"content":{"rendered":"<div class=\"eg-filmstrip-wrap eg-wrap\" data-lightbox-type=\"pretty_photo\"\n         data-pretty_photo-theme =\"pp_default\"\n         data-pretty_photo-social =\"false\"\n          data-gallery-id=\"MnvZtTfU7b\"\n     data-lightbox-status=\"true\"\n          >\n         \n    <div class=\"eg-filmstrip-outer-wrap eg-filmstrip-outer-layout-4\">\n        <div class=\"eg-filmstrip-items-outerwrap\">\n            <div class=\"eg-filmstrip-items-wrap eg-filmstrip-layout-4\"\n                 data-pause-duration=\"2500\"\n                 data-transition-duration=\"500\"\n                 data-mode=\"fade\"\n                 data-next-previous-controls=\"false\"\n                 data-play-pause-controls=\"false\"\n                 data-auto-start=\"false\"\n                 data-adaptive-height=\"false\"\n                 data-pager=\"false\"\n                 data-pager-type=\"full\"\n                 data-filmstrip-id=\"Vh2yl9N5D2\"\n\n                 >\n                     <div class=\"eg-each-item eg-no-hover \" data-eg-item-key=\"eg_item_pVLfP4cG4LtZciB\">\n    \n\n            <div class=\"eg-masonary-padding\">\n            <div class=\"eg-overlay-wrapper\" onclick=\"\">\n\n                <a href=\"https:\/\/www.mksmuhendislik.com.tr\/tr\/wp-content\/uploads\/8.jpg\"\n                   data-lightbox-type=\"pretty_photo\"\n                   rel=\"prettyPhoto[gallery_15]\"\n                   title=\"\"\n                   data-item-type=\"image\"\n                   data-index=\"1\"\n                   data-total-items=\"4\"\n                   >\n                    <img decoding=\"async\" src=\"https:\/\/www.mksmuhendislik.com.tr\/tr\/wp-content\/uploads\/8.jpg\" alt=\"8\"\/>\n                <\/a>\n                <div class=\"eg-mask\">\n                    <div class=\"eg-inner-wrapper\">\n                        <div class=\"eg-content-holder\">\r\n        <\/div>                    <\/div>\n                    <span class=\"add\" style=\"display: none\">\n                        <i class=\"fa fa-plus\"><\/i>\n                    <\/span>\n                                    <\/div>\n                <div class=\"slider-overlay\"><\/div>\n                            <\/div>\n                    <\/div>\n        <!---Blog Layout -->\n<\/div><div class=\"eg-each-item eg-no-hover \" data-eg-item-key=\"eg_item_7XNFfcZ5FTeQA20\">\n    \n\n            <div class=\"eg-masonary-padding\">\n            <div class=\"eg-overlay-wrapper\" onclick=\"\">\n\n                <a href=\"https:\/\/www.mksmuhendislik.com.tr\/tr\/wp-content\/uploads\/4.jpg\"\n                   data-lightbox-type=\"pretty_photo\"\n                   rel=\"prettyPhoto[gallery_15]\"\n                   title=\"\"\n                   data-item-type=\"image\"\n                   data-index=\"2\"\n                   data-total-items=\"4\"\n                   >\n                    <img decoding=\"async\" src=\"https:\/\/www.mksmuhendislik.com.tr\/tr\/wp-content\/uploads\/4.jpg\" alt=\"4\"\/>\n                <\/a>\n                <div class=\"eg-mask\">\n                    <div class=\"eg-inner-wrapper\">\n                        <div class=\"eg-content-holder\">\r\n        <\/div>                    <\/div>\n                    <span class=\"add\" style=\"display: none\">\n                        <i class=\"fa fa-plus\"><\/i>\n                    <\/span>\n                                    <\/div>\n                <div class=\"slider-overlay\"><\/div>\n                            <\/div>\n                    <\/div>\n        <!---Blog Layout -->\n<\/div><div class=\"eg-each-item eg-no-hover \" data-eg-item-key=\"eg_item_uCSTtOVX2BW2SYP\">\n    \n\n            <div class=\"eg-masonary-padding\">\n            <div class=\"eg-overlay-wrapper\" onclick=\"\">\n\n                <a href=\"https:\/\/www.mksmuhendislik.com.tr\/tr\/wp-content\/uploads\/3.jpg\"\n                   data-lightbox-type=\"pretty_photo\"\n                   rel=\"prettyPhoto[gallery_15]\"\n                   title=\"\"\n                   data-item-type=\"image\"\n                   data-index=\"3\"\n                   data-total-items=\"4\"\n                   >\n                    <img decoding=\"async\" src=\"https:\/\/www.mksmuhendislik.com.tr\/tr\/wp-content\/uploads\/3.jpg\" alt=\"3\"\/>\n                <\/a>\n                <div class=\"eg-mask\">\n                    <div class=\"eg-inner-wrapper\">\n                        <div class=\"eg-content-holder\">\r\n        <\/div>                    <\/div>\n                    <span class=\"add\" style=\"display: none\">\n                        <i class=\"fa fa-plus\"><\/i>\n                    <\/span>\n                                    <\/div>\n                <div class=\"slider-overlay\"><\/div>\n                            <\/div>\n                    <\/div>\n        <!---Blog Layout -->\n<\/div><div class=\"eg-each-item eg-no-hover \" data-eg-item-key=\"eg_item_fHA3D6Sz2A0gXQJ\">\n    \n\n            <div class=\"eg-masonary-padding\">\n            <div class=\"eg-overlay-wrapper\" onclick=\"\">\n\n                <a href=\"https:\/\/www.mksmuhendislik.com.tr\/tr\/wp-content\/uploads\/1.jpg\"\n                   data-lightbox-type=\"pretty_photo\"\n                   rel=\"prettyPhoto[gallery_15]\"\n                   title=\"\"\n                   data-item-type=\"image\"\n                   data-index=\"4\"\n                   data-total-items=\"4\"\n                   >\n                    <img decoding=\"async\" src=\"https:\/\/www.mksmuhendislik.com.tr\/tr\/wp-content\/uploads\/1.jpg\" alt=\"1\"\/>\n                <\/a>\n                <div class=\"eg-mask\">\n                    <div class=\"eg-inner-wrapper\">\n                        <div class=\"eg-content-holder\">\r\n        <\/div>                    <\/div>\n                    <span class=\"add\" style=\"display: none\">\n                        <i class=\"fa fa-plus\"><\/i>\n                    <\/span>\n                                    <\/div>\n                <div class=\"slider-overlay\"><\/div>\n                            <\/div>\n                    <\/div>\n        <!---Blog Layout -->\n<\/div>            <\/div>\n        <\/div>\n        <div class=\"eg-filmstrip-pager-outerwrap\">\n            <div class=\"eg-filmstrip-pager\" id=\"eg-pager-Vh2yl9N5D2\" data-min-slides=\"4\" data-max-slides=\"5\" data-slide-width=\"170\" data-move-slides=\"1\">\n                                        <a href=\"\" data-slide-index=\"0\">\n                            <img decoding=\"async\" src=\"https:\/\/www.mksmuhendislik.com.tr\/tr\/wp-content\/uploads\/8-700x700.jpg\" alt=\"8\"\/>\n                            <div class=\"eg-filmstrip-caption\" style=\"display:none;\">\n                                <span class=\"eg-title\" style=\"display:none\">8<\/span>\n                                <p><\/p>\n                            <\/div>\n                        <\/a>\n\n                                                <a href=\"\" data-slide-index=\"1\">\n                            <img decoding=\"async\" src=\"https:\/\/www.mksmuhendislik.com.tr\/tr\/wp-content\/uploads\/4-700x700.jpg\" alt=\"4\"\/>\n                            <div class=\"eg-filmstrip-caption\" style=\"display:none;\">\n                                <span class=\"eg-title\" style=\"display:none\">4<\/span>\n                                <p><\/p>\n                            <\/div>\n                        <\/a>\n\n                                                <a href=\"\" data-slide-index=\"2\">\n                            <img decoding=\"async\" src=\"https:\/\/www.mksmuhendislik.com.tr\/tr\/wp-content\/uploads\/3-700x700.jpg\" alt=\"3\"\/>\n                            <div class=\"eg-filmstrip-caption\" style=\"display:none;\">\n                                <span class=\"eg-title\" style=\"display:none\">3<\/span>\n                                <p><\/p>\n                            <\/div>\n                        <\/a>\n\n                                                <a href=\"\" data-slide-index=\"3\">\n                            <img decoding=\"async\" src=\"https:\/\/www.mksmuhendislik.com.tr\/tr\/wp-content\/uploads\/1-700x700.jpg\" alt=\"1\"\/>\n                            <div class=\"eg-filmstrip-caption\" style=\"display:none;\">\n                                <span class=\"eg-title\" style=\"display:none\">1<\/span>\n                                <p><\/p>\n                            <\/div>\n                        <\/a>\n\n                                    <\/div>\n            <div class=\"eg-flimstrip-caption-tooltip\"><\/div>\n\n        <\/div>\n    <\/div>\n<\/div>\n\n\n            <style>\r\n            <\/style>\r\n            \n","protected":false},"excerpt":{"rendered":"","protected":false},"author":2,"featured_media":0,"parent":0,"menu_order":0,"comment_status":"closed","ping_status":"closed","template":"","meta":{"footnotes":""},"class_list":["post-237","page","type-page","status-publish","hentry"],"_links":{"self":[{"href":"https:\/\/www.mksmuhendislik.com.tr\/tr\/wp-json\/wp\/v2\/pages\/237","targetHints":{"allow":["GET"]}}],"collection":[{"href":"https:\/\/www.mksmuhendislik.com.tr\/tr\/wp-json\/wp\/v2\/pages"}],"about":[{"href":"https:\/\/www.mksmuhendislik.com.tr\/tr\/wp-json\/wp\/v2\/types\/page"}],"author":[{"embeddable":true,"href":"https:\/\/www.mksmuhendislik.com.tr\/tr\/wp-json\/wp\/v2\/users\/2"}],"replies":[{"embeddable":true,"href":"https:\/\/www.mksmuhendislik.com.tr\/tr\/wp-json\/wp\/v2\/comments?post=237"}],"version-history":[{"count":5,"href":"https:\/\/www.mksmuhendislik.com.tr\/tr\/wp-json\/wp\/v2\/pages\/237\/revisions"}],"predecessor-version":[{"id":383,"href":"https:\/\/www.mksmuhendislik.com.tr\/tr\/wp-json\/wp\/v2\/pages\/237\/revisions\/383"}],"wp:attachment":[{"href":"https:\/\/www.mksmuhendislik.com.tr\/tr\/wp-json\/wp\/v2\/media?parent=237"}],"curies":[{"name":"wp","href":"https:\/\/api.w.org\/{rel}","templated":true}]}}