{"id":221,"date":"2024-12-10T11:28:48","date_gmt":"2024-12-10T08:28:48","guid":{"rendered":"https:\/\/www.mksmuhendislik.com.tr\/tr\/?page_id=221"},"modified":"2024-12-10T16:22:49","modified_gmt":"2024-12-10T13:22:49","slug":"teklif-talebi","status":"publish","type":"page","link":"https:\/\/www.mksmuhendislik.com.tr\/tr\/teklif-talebi","title":{"rendered":"Teklif Talebi"},"content":{"rendered":"\n<div class=\"wp-block-rwcustema-bgtext descriptionbox sky\"><div class=\"inner\"><div class=\"icon rwcusicon\"><svg class=\"rwcusicon-icon63\"><use href=\"#rwcusicon-icon63\"><\/use><\/svg><\/div><div class=\"header\">Bir \u00dcr\u00fcnle \u0130lgili Teklif Mi \u0130stiyorsunuz?<\/div><div class=\"content\">MKS M\u00fchendislik \u00fcr\u00fcnleri ile ilgili teklif talebi olu\u015fturmak i\u00e7in a\u015fa\u011f\u0131daki listeden, teklif almak istedi\u011finiz \u00fcr\u00fcn kategorisini se\u00e7erek ilerleyiniz.<\/div><\/div><\/div>\n\n\n\n<div class=\"rwcusForm\">\n<div class=\"rwcusLeft\">\n<p><a class=\"rwcusButton\" href=\"https:\/\/www.mksmuhendislik.com.tr\/tr\/teklif-talebi\/standart-bez-koruk-teklif-talebi\">Standart Bez K\u00f6r\u00fck<\/a><\/p>\n<p><a class=\"rwcusButton\" href=\"https:\/\/www.mksmuhendislik.com.tr\/tr\/teklif-talebi\/sacli-bez-koruk-teklif-talebi\">Sacl\u0131 Bez K\u00f6r\u00fck<\/a><\/p>\n<p><a class=\"rwcusButton\" href=\"https:\/\/www.mksmuhendislik.com.tr\/tr\/teklif-talebi\/silindirik-bez-koruk-teklif-talebi\">Silindirik Bez K\u00f6r\u00fck<\/a><\/p>\n<\/div>\n<div class=\"rwcusRight\">\n<p><a class=\"rwcusButton\" href=\"https:\/\/www.mksmuhendislik.com.tr\/tr\/teklif-talebi\/teleskopik-sac-muhafaza-teklif-talebi\">Teleskopik Sac Muhafaza<\/a><\/p>\n<p><a class=\"rwcusButton\" href=\"https:\/\/www.mksmuhendislik.com.tr\/tr\/teklif-talebi\/platform-korugu-teklif-talebi\">Platform K\u00f6r\u00fc\u011f\u00fc<\/a><\/p>\n<p><a class=\"rwcusButton\" href=\"https:\/\/www.mksmuhendislik.com.tr\/tr\/teklif-talebi\/rulo-muhafaza-teklif-talebi\">Rulo Muhafaza<\/a><\/p>\n<\/div>\n<\/div>\n","protected":false},"excerpt":{"rendered":"<p>Standart Bez K\u00f6r\u00fck Sacl\u0131 Bez K\u00f6r\u00fck Silindirik Bez K\u00f6r\u00fck Teleskopik Sac Muhafaza Platform K\u00f6r\u00fc\u011f\u00fc Rulo Muhafaza<\/p>\n","protected":false},"author":1,"featured_media":0,"parent":0,"menu_order":0,"comment_status":"closed","ping_status":"closed","template":"","meta":{"footnotes":""},"class_list":["post-221","page","type-page","status-publish","hentry"],"_links":{"self":[{"href":"https:\/\/www.mksmuhendislik.com.tr\/tr\/wp-json\/wp\/v2\/pages\/221","targetHints":{"allow":["GET"]}}],"collection":[{"href":"https:\/\/www.mksmuhendislik.com.tr\/tr\/wp-json\/wp\/v2\/pages"}],"about":[{"href":"https:\/\/www.mksmuhendislik.com.tr\/tr\/wp-json\/wp\/v2\/types\/page"}],"author":[{"embeddable":true,"href":"https:\/\/www.mksmuhendislik.com.tr\/tr\/wp-json\/wp\/v2\/users\/1"}],"replies":[{"embeddable":true,"href":"https:\/\/www.mksmuhendislik.com.tr\/tr\/wp-json\/wp\/v2\/comments?post=221"}],"version-history":[{"count":5,"href":"https:\/\/www.mksmuhendislik.com.tr\/tr\/wp-json\/wp\/v2\/pages\/221\/revisions"}],"predecessor-version":[{"id":382,"href":"https:\/\/www.mksmuhendislik.com.tr\/tr\/wp-json\/wp\/v2\/pages\/221\/revisions\/382"}],"wp:attachment":[{"href":"https:\/\/www.mksmuhendislik.com.tr\/tr\/wp-json\/wp\/v2\/media?parent=221"}],"curies":[{"name":"wp","href":"https:\/\/api.w.org\/{rel}","templated":true}]}}